{"id":11,"date":"2015-08-25T15:05:20","date_gmt":"2015-08-25T15:05:20","guid":{"rendered":"http:\/\/sarahj.fr\/test2\/?page_id=11"},"modified":"2025-10-27T14:40:46","modified_gmt":"2025-10-27T14:40:46","slug":"cours-et-inscriptions","status":"publish","type":"page","link":"https:\/\/www.dojo-gilg.com\/?page_id=11","title":{"rendered":"Cours et inscriptions"},"content":{"rendered":"<h2 id=\"tablepress-36-name\" class=\"tablepress-table-name tablepress-table-name-id-36\">TARIFS 2025-2026<\/h2>\n<span id=\"tablepress-36-description\" class=\"tablepress-table-description tablepress-table-description-id-36\">L'inscription est \u00e0 l'ann\u00e9e selon tarifs ci dessous. R\u00e8glement en 1 ou 2 ch\u00e8ques remis lors de l'inscription. Le premier ch\u00e8que couvre l'adh\u00e9sion \u00e0 l'association (10 \u20ac), la licence FFAEMC (35 \u20ac) et le prix pour 15 cours, il sera encaiss\u00e9 en octobre 2025. Le second ch\u00e8que (prix pour 15 cours) sera encaiss\u00e9 en janvier 2026.<br \/>\n<br \/>\nLes cours non pris \u00e0 l'initiative de l'\u00e9l\u00e8ve ne sont pas remboursables, mais un \u00e9l\u00e8ve inscrit \u00e0 un cours pourra, en cas d'absence, venir exceptionnellement \u00e0 un cours de m\u00eame enseignement, dispens\u00e9 par le m\u00eame ou un autre professeur, \u00e0 condition d'en avoir fait la demande pr\u00e9alablement.<\/span>\n\n<table id=\"tablepress-36\" class=\"tablepress tablepress-id-36\" aria-labelledby=\"tablepress-36-name\" aria-describedby=\"tablepress-36-description\">\n<thead>\n<tr class=\"row-1\">\n\t<td class=\"column-1\"><\/td><th class=\"column-2\">COTISATION ANNUELLE (en 1 ch\u00e8que)<br \/>\npayable \u00e0 l'inscription apr\u00e8s un cours d'essai gratuit<br \/>\n<\/th><th class=\"column-3\">Ou bien COTISATION ANNUELLE (en 2 ch\u00e8ques)<br \/>\npayable \u00e0 l'inscription apr\u00e8s un cours d'essai gratuit<\/th>\n<\/tr>\n<\/thead>\n<tbody class=\"row-striping row-hover\">\n<tr class=\"row-2\">\n\t<td class=\"column-1\">30 s\u00e9ances d'1h30<br \/>\nTAI JI QUAN ou <br \/>\nQI GONG et TAI JI QUAN<\/td><td class=\"column-2\">250 \u20ac<\/td><td class=\"column-3\">146 + 104 \u20ac<\/td>\n<\/tr>\n<tr class=\"row-3\">\n\t<td class=\"column-1\">30 s\u00e9ances d'1h00 <br \/>\nQI GONG <\/td><td class=\"column-2\">186 \u20ac<br \/>\n<\/td><td class=\"column-3\">114 + 72 \u20ac<\/td>\n<\/tr>\n<tr class=\"row-4\">\n\t<td class=\"column-1\">Formule \"MULTICOURS\" (acc\u00e8s \u00e0 tous les cours)<\/td><td class=\"column-2\">362 \u20ac<br \/>\n<\/td><td class=\"column-3\">202 + 160 \u20ac<\/td>\n<\/tr>\n<\/tbody>\n<\/table>\n<!-- #tablepress-36 from cache -->\n\n<table id=\"tablepress-37\" class=\"tablepress tablepress-id-37\">\n<thead>\n<tr class=\"row-1\">\n\t<td class=\"column-1\"><\/td><th class=\"column-2\">LUNDI<\/th><th class=\"column-3\">MARDI<\/th><th class=\"column-4\">MERCREDI<\/th><th class=\"column-5\">JEUDI<\/th><th class=\"column-6\">VENDREDI<\/th>\n<\/tr>\n<\/thead>\n<tbody class=\"row-striping row-hover\">\n<tr class=\"row-2\">\n\t<td class=\"column-1\">08h30 \u00e0 9h30<\/td><td class=\"column-2\"><\/td><td class=\"column-3\">TUI SHOU<br \/>\nDojo Mittelbergheim<br \/>\nEnseignant : Philippe KRIEG<\/td><td class=\"column-4\"><\/td><td class=\"column-5\"><\/td><td class=\"column-6\"><\/td>\n<\/tr>\n<tr class=\"row-3\">\n\t<td class=\"column-1\">09h30 \u00e0 11h00<br \/>\n<\/td><td class=\"column-2\"><\/td><td class=\"column-3\">QI GONG et TAI JI QUAN<br \/>\nDojo Mittelbergheim<br \/>\nEnseignant : Philippe KRIEG<br \/>\n<\/td><td class=\"column-4\">QI GONG et TAI JI QUAN<br \/>\nDojo Mittelbergheim<br \/>\nEnseignante : Sophie GILG<\/td><td class=\"column-5\"><\/td><td class=\"column-6\"><\/td>\n<\/tr>\n<tr class=\"row-4\">\n\t<td class=\"column-1\">17h00 \u00e0 18h00<br \/>\n<\/td><td class=\"column-2\">QI GONG<br \/>\nDojo Mittelbergheim<br \/>\nEnseignantes : Sophie GILG et Sylvie CLADE<br \/>\n<\/td><td class=\"column-3\"><\/td><td class=\"column-4\"><\/td><td class=\"column-5\"><\/td><td class=\"column-6\"><\/td>\n<\/tr>\n<tr class=\"row-5\">\n\t<td class=\"column-1\">18h00 \u00e0 18h40<\/td><td class=\"column-2\">TAI JI QUAN \/ Pratique de la forme<br \/>\nDojo Mittelbergheim<br \/>\nEnseignante : Sophie GILG<br \/>\n<\/td><td class=\"column-3\"><\/td><td class=\"column-4\"><\/td><td class=\"column-5\"><\/td><td class=\"column-6\"><\/td>\n<\/tr>\n<tr class=\"row-6\">\n\t<td class=\"column-1\">18h00 \u00e0 19h00<br \/>\n<\/td><td class=\"column-2\"><\/td><td class=\"column-3\">QI GONG<br \/>\nDojo Mittelbergheim<br \/>\nEnseignante : Sophie GILG<\/td><td class=\"column-4\"><\/td><td class=\"column-5\"><br \/>\n<\/td><td class=\"column-6\"><\/td>\n<\/tr>\n<tr class=\"row-7\">\n\t<td class=\"column-1\">18h45 \u00e0 19h45<br \/>\n<\/td><td class=\"column-2\"><\/td><td class=\"column-3\"><\/td><td class=\"column-4\"><\/td><td class=\"column-5\"><\/td><td class=\"column-6\">QI GONG<br \/>\nMaison des Associations Hilsenheim <br \/>\nEnseignante : Virginie AUBERT<br \/>\n<\/td>\n<\/tr>\n<tr class=\"row-8\">\n\t<td class=\"column-1\">19h15 \u00e0 20h45<br \/>\n<\/td><td class=\"column-2\"><\/td><td class=\"column-3\">TAI JI QUAN<br \/>\nDojo Mittelbergheim<br \/>\nEnseignant : Patrick OTTENWELTER<br \/>\n<\/td><td class=\"column-4\"><\/td><td class=\"column-5\"><\/td><td class=\"column-6\"><\/td>\n<\/tr>\n<tr class=\"row-9\">\n\t<td class=\"column-1\">19h00 \u00e0 19h30<\/td><td class=\"column-2\"><\/td><td class=\"column-3\"><\/td><td class=\"column-4\"><\/td><td class=\"column-5\">TUI SHOU<br \/>\nDojo Mittelbergheim<br \/>\nEnseignants : Patrick OTTENWELTER et Sophie GILG<\/td><td class=\"column-6\"><\/td>\n<\/tr>\n<tr class=\"row-10\">\n\t<td class=\"column-1\">19h30 \u00e0 21h00<br \/>\n<\/td><td class=\"column-2\"><\/td><td class=\"column-3\"><\/td><td class=\"column-4\"><\/td><td class=\"column-5\">TAI JI QUAN<br \/>\nDojo Mittelbergheim<br \/>\nEnseignants : Sophie GILG et Patrick OTTENWELTER<br \/>\n<\/td><td class=\"column-6\"><\/td>\n<\/tr>\n<tr class=\"row-11\">\n\t<td class=\"column-1\">19h45 \u00e0 20h45<br \/>\n<\/td><td class=\"column-2\"><\/td><td class=\"column-3\"><\/td><td class=\"column-4\">QI GONG<br \/>\nDojo Mittelbergheim<br \/>\nEnseignant : St\u00e9phane LANZ<br \/>\n<\/td><td class=\"column-5\"><\/td><td class=\"column-6\"><\/td>\n<\/tr>\n<\/tbody>\n<\/table>\n<!-- #tablepress-37 from cache -->\n\n\n<figure class=\"wp-block-image size-large is-style-default\"><img decoding=\"async\" src=\"\" alt=\"\"\/><\/figure>\n\n\n\n<p><a href=\"https:\/\/www.dojo-gilg.com\/wp-content\/uploads\/2025\/08\/2025-2026-flyer-adultes-v2.pdf\">fiche d&rsquo;inscription \u00ab\u00a0ici\u00a0\u00bb<\/a><\/p>\n\n\n\n<p><a href=\"https:\/\/www.dojo-gilg.com\/wp-content\/uploads\/2025\/10\/planning-calendrier.pdf\">planning annuel \u00ab\u00a0ici\u00a0\u00bb<\/a><\/p>\n\n\n\n<p><\/p>\n","protected":false},"excerpt":{"rendered":"<p>fiche d&rsquo;inscription \u00ab\u00a0ici\u00a0\u00bb planning annuel \u00ab\u00a0ici\u00a0\u00bb<\/p>\n","protected":false},"author":1,"featured_media":0,"parent":0,"menu_order":0,"comment_status":"closed","ping_status":"open","template":"page-fullwidth.php","meta":{"jetpack_post_was_ever_published":false,"footnotes":""},"class_list":["post-11","page","type-page","status-publish","hentry"],"jetpack_sharing_enabled":true,"jetpack_shortlink":"https:\/\/wp.me\/P5G1Fx-b","_links":{"self":[{"href":"https:\/\/www.dojo-gilg.com\/index.php?rest_route=\/wp\/v2\/pages\/11","targetHints":{"allow":["GET"]}}],"collection":[{"href":"https:\/\/www.dojo-gilg.com\/index.php?rest_route=\/wp\/v2\/pages"}],"about":[{"href":"https:\/\/www.dojo-gilg.com\/index.php?rest_route=\/wp\/v2\/types\/page"}],"author":[{"embeddable":true,"href":"https:\/\/www.dojo-gilg.com\/index.php?rest_route=\/wp\/v2\/users\/1"}],"replies":[{"embeddable":true,"href":"https:\/\/www.dojo-gilg.com\/index.php?rest_route=%2Fwp%2Fv2%2Fcomments&post=11"}],"version-history":[{"count":93,"href":"https:\/\/www.dojo-gilg.com\/index.php?rest_route=\/wp\/v2\/pages\/11\/revisions"}],"predecessor-version":[{"id":9310,"href":"https:\/\/www.dojo-gilg.com\/index.php?rest_route=\/wp\/v2\/pages\/11\/revisions\/9310"}],"wp:attachment":[{"href":"https:\/\/www.dojo-gilg.com\/index.php?rest_route=%2Fwp%2Fv2%2Fmedia&parent=11"}],"curies":[{"name":"wp","href":"https:\/\/api.w.org\/{rel}","templated":true}]}}