{"id":1301,"date":"2019-07-14T10:05:03","date_gmt":"2019-07-14T10:05:03","guid":{"rendered":"https:\/\/www.dojo-gilg.com\/?page_id=1301"},"modified":"2024-09-02T18:38:08","modified_gmt":"2024-09-02T18:38:08","slug":"stephane-lanz","status":"publish","type":"page","link":"https:\/\/www.dojo-gilg.com\/?page_id=1301","title":{"rendered":"St\u00e9phane Lanz"},"content":{"rendered":"\n<div class=\"wp-block-image\"><figure class=\"alignleft is-resized\"><img decoding=\"async\" src=\"https:\/\/www.dojo-gilg.com\/wp-content\/uploads\/2019\/07\/ste\u0301phane-1-1024x964.jpg\" alt=\"\" class=\"wp-image-1304\" width=\"217\" height=\"203\" srcset=\"https:\/\/www.dojo-gilg.com\/wp-content\/uploads\/2019\/07\/ste\u0301phane-1-1024x964.jpg 1024w, https:\/\/www.dojo-gilg.com\/wp-content\/uploads\/2019\/07\/ste\u0301phane-1-300x282.jpg 300w, https:\/\/www.dojo-gilg.com\/wp-content\/uploads\/2019\/07\/ste\u0301phane-1-768x723.jpg 768w, https:\/\/www.dojo-gilg.com\/wp-content\/uploads\/2019\/07\/ste\u0301phane-1.jpg 1145w\" sizes=\"(max-width: 217px) 100vw, 217px\" \/><\/figure><\/div>\n\n\n\n<p class=\"has-drop-cap\">J\u2019ai rencontr\u00e9 le Qi Gong en 2005, \u00e0 l\u2019occasion d\u2019un de ces hasards qui n\u2019en sont pas. Enracinement, fluidit\u00e9, travail du souffle, \u00e9coute interne sont autant d\u2019aspects qui sont venus r\u00e9pondre \u00e0 des besoins profonds en moi, et j\u2019ai tout de suite senti que cette discipline ferait d\u00e9sormais partie de ma vie. J\u2019ai eu la chance de d\u00e9marrer ma pratique avec <a href=\"https:\/\/www.medecine-chinoise-lyon.fr\/accueil-1.html\">Olivier SCHUH<\/a>, un enseignant de grande qualit\u00e9, constamment en recherche, avec qui je continue de nourrir ma pratique encore \u00e0 ce jour. Tout au long de mon parcours, j\u2019ai crois\u00e9 de nombreux enseignants, dont quelques authentiques ma\u00eetres chinois&nbsp;: Malou HAMERT \u00e0 Strasbourg, mais aussi KE Wen et WANG Yanli, dont j\u2019ai suivi l\u2019enseignement \u00e0 l\u2019\u00e9cole des <a href=\"https:\/\/www.tempsducorps.org\/\">Temps du Corps<\/a>, \u00e0 Paris, de 2010 \u00e0 2013, dans un cycle de formation professionnelle au Qi Gong, et surtout Ma\u00eetre LIU Yafei, d\u00e9tentrice des Nei Yang Gong lors de notre voyage de fin d\u2019\u00e9tudes en Chine. C\u2019est \u00e0 l\u2019occasion de cette formation \u00e0 Paris que j\u2019ai rencontr\u00e9 Sophie GILG, puis Philippe KRIEG,&nbsp; et qu\u2019a d\u00e9marr\u00e9 en 2012 une belle aventure commune autour de l\u2019enseignement d\u2019Olivier SCHUH. En 2015, j\u2019ai pr\u00e9sent\u00e9 et obtenu le dipl\u00f4me de la f\u00e9d\u00e9ration des enseignants de Qi Gong (FEQGAE) ainsi que le CQP d\u2019Animateur de Loisirs Sportifs (option Activit\u00e9s Gymniques d\u2019Entretien et d\u2019Expression). Ma pratique personnelle se concentre aujourd\u2019hui autour des Nei Yang Gong de Ma\u00eetre LIU Yafei, des Dao Yin Yangsheng Gong de Ma\u00eetre ZHANG Guangde, et plus r\u00e9cemment des Qi Gong chamaniques de Ma\u00eetre WU Zhongxian que j\u2019ai eu le plaisir d\u2019inviter en Alsace.<\/p>\n","protected":false},"excerpt":{"rendered":"<p>J\u2019ai rencontr\u00e9 le Qi Gong en 2005, \u00e0 l\u2019occasion d\u2019un de ces hasards qui n\u2019en sont pas. Enracinement, fluidit\u00e9, travail du souffle, \u00e9coute interne sont autant d\u2019aspects qui sont venus r\u00e9pondre \u00e0 des besoins profonds en moi, et j\u2019ai tout &hellip; <a href=\"https:\/\/www.dojo-gilg.com\/?page_id=1301\">Lire la suite\u00ad\u00ad<\/a><\/p>\n","protected":false},"author":1,"featured_media":1302,"parent":0,"menu_order":0,"comment_status":"closed","ping_status":"closed","template":"","meta":{"jetpack_post_was_ever_published":false,"footnotes":""},"class_list":["post-1301","page","type-page","status-publish","has-post-thumbnail","hentry"],"jetpack_sharing_enabled":true,"jetpack_shortlink":"https:\/\/wp.me\/P5G1Fx-kZ","_links":{"self":[{"href":"https:\/\/www.dojo-gilg.com\/index.php?rest_route=\/wp\/v2\/pages\/1301","targetHints":{"allow":["GET"]}}],"collection":[{"href":"https:\/\/www.dojo-gilg.com\/index.php?rest_route=\/wp\/v2\/pages"}],"about":[{"href":"https:\/\/www.dojo-gilg.com\/index.php?rest_route=\/wp\/v2\/types\/page"}],"author":[{"embeddable":true,"href":"https:\/\/www.dojo-gilg.com\/index.php?rest_route=\/wp\/v2\/users\/1"}],"replies":[{"embeddable":true,"href":"https:\/\/www.dojo-gilg.com\/index.php?rest_route=%2Fwp%2Fv2%2Fcomments&post=1301"}],"version-history":[{"count":5,"href":"https:\/\/www.dojo-gilg.com\/index.php?rest_route=\/wp\/v2\/pages\/1301\/revisions"}],"predecessor-version":[{"id":1665,"href":"https:\/\/www.dojo-gilg.com\/index.php?rest_route=\/wp\/v2\/pages\/1301\/revisions\/1665"}],"wp:featuredmedia":[{"embeddable":true,"href":"https:\/\/www.dojo-gilg.com\/index.php?rest_route=\/wp\/v2\/media\/1302"}],"wp:attachment":[{"href":"https:\/\/www.dojo-gilg.com\/index.php?rest_route=%2Fwp%2Fv2%2Fmedia&parent=1301"}],"curies":[{"name":"wp","href":"https:\/\/api.w.org\/{rel}","templated":true}]}}