{"id":183,"date":"2015-01-14T20:22:33","date_gmt":"2015-01-14T19:22:33","guid":{"rendered":"http:\/\/sarahj.fr\/test2\/?page_id=183"},"modified":"2025-10-27T14:58:27","modified_gmt":"2025-10-27T14:58:27","slug":"sophie-gilg","status":"publish","type":"page","link":"https:\/\/www.dojo-gilg.com\/?page_id=183","title":{"rendered":"Sophie Gilg"},"content":{"rendered":"<p class=\"p1\"><b><i><a href=\"https:\/\/www.dojo-gilg.com\/wp-content\/uploads\/2015\/01\/Capture-d\u2019\u00e9cran-2015-01-30-\u00e0-19.00.34.png\"><img fetchpriority=\"high\" decoding=\"async\" class=\"size-full wp-image-261 alignleft\" src=\"https:\/\/www.dojo-gilg.com\/wp-content\/uploads\/2015\/01\/Capture-d\u2019\u00e9cran-2015-01-30-\u00e0-19.00.34.png\" alt=\"Capture d\u2019\u00e9cran 2015-01-30 \u00e0 19.00.34\" width=\"251\" height=\"283\" \/><\/a><\/i><\/b><\/p>\n<p class=\"p2\">Depuis que j\u2019ai \u00ab rencontr\u00e9 \u00bb le Tai Ji Quan et le Qi Gong, les ann\u00e9es s\u2019\u00e9coulent dans un passionnant chemin d\u2019apprentissage. Je me souviens qu\u2019avant m\u00eame de conna\u00eetre la forme compl\u00e8te du Tai Ji Quan, je savais d\u00e9j\u00e0 que je partagerais un jour ces disciplines.<\/p>\n<p class=\"p2\">J\u2019ai eu la chance de rencontrer <a href=\"https:\/\/www.google.com\/url?sa=t&amp;rct=j&amp;q=&amp;esrc=s&amp;source=web&amp;cd=11&amp;cad=rja&amp;uact=8&amp;ved=2ahUKEwjtwquHkLTjAhWoDWMBHRjdC0EQFjAKegQIBhAC&amp;url=https%3A%2F%2Ftaiji-song.com%2F&amp;usg=AOvVaw0F9-VOmy9Sx3UruHKGEAg8\">Song ARUN<\/a> qui, dans le cadre de l\u2019association <a href=\"https:\/\/association-arts-harmonie.org\/topic\/index.html\"><span class=\"s1\">Arts Harmonie <\/span>\u00e0 Colmar<\/a>, m\u2019a transmis avec patience le Tai Ji Quan et l\u2019\u00c9p\u00e9e.<\/p>\n<p class=\"p2\">Une autre couleur m\u2019a \u00e9t\u00e9 donn\u00e9e par KE Wen dont la belle \u00e9nergie a nourri mon Qi Gong depuis que je connais <a href=\"https:\/\/www.tempsducorps.org\/\"><span class=\"s1\">Les Temps du Corps<\/span><\/a>.<\/p>\n<p class=\"p2\">Ce double socle de formation m\u2019a permis d\u2019homologuer d\u2019une part le 2\u00e8me Duan en Tai Ji (\u00e0 Paris en 2010) et le 2<span class=\"s2\">\u00e8me <\/span>Duan en Qi Gong (\u00e0 P\u00e9kin en 2014) et d\u2019autre part des dipl\u00f4mes f\u00e9d\u00e9raux <a href=\"https:\/\/www.faemc.fr\/\">FAEMC<\/a> reconnus par le Minist\u00e8re de la Jeunesse et des Sports (Tai Ji en 2010 et Qi Gong en 2013).<\/p>\n<p class=\"p2\">D\u2019autres encore \u00e9clairent mon chemin d\u2019apprentissage, chacun \u00e0 sa mani\u00e8re : <a href=\"https:\/\/www.medecine-chinoise-lyon.fr\/accueil-1.html\">Olivier SCHUH<\/a> d\u2019abord, gr\u00e2ce auquel j\u2019explore le lien entre la MTC et les arts martiaux internes ou \u00e9nerg\u00e9tiques ; tous les maitres et assistants rencontr\u00e9s lors de mes voyages et formations ; mes amis et pairs avec qui j\u2019explore les tr\u00e9sors donn\u00e9s par les maitres ; \u2026 et enfin mes \u00e9l\u00e8ves, car, comme l\u2019a \u00e9crit un proche de Diderot au si\u00e8cle des Lumi\u00e8res, \u00ab enseigner, c\u2019est apprendre deux fois \u00bb.<\/p>\n","protected":false},"excerpt":{"rendered":"<p>Depuis que j\u2019ai \u00ab rencontr\u00e9 \u00bb le Tai Ji Quan et le Qi Gong, les ann\u00e9es s\u2019\u00e9coulent dans un passionnant chemin d\u2019apprentissage. Je me souviens qu\u2019avant m\u00eame de conna\u00eetre la forme compl\u00e8te du Tai Ji Quan, je savais d\u00e9j\u00e0 que &hellip; <a href=\"https:\/\/www.dojo-gilg.com\/?page_id=183\">Lire la suite\u00ad\u00ad<\/a><\/p>\n","protected":false},"author":1,"featured_media":0,"parent":0,"menu_order":0,"comment_status":"closed","ping_status":"open","template":"","meta":{"jetpack_post_was_ever_published":false,"footnotes":""},"class_list":["post-183","page","type-page","status-publish","hentry"],"jetpack_sharing_enabled":true,"jetpack_shortlink":"https:\/\/wp.me\/P5G1Fx-2X","_links":{"self":[{"href":"https:\/\/www.dojo-gilg.com\/index.php?rest_route=\/wp\/v2\/pages\/183","targetHints":{"allow":["GET"]}}],"collection":[{"href":"https:\/\/www.dojo-gilg.com\/index.php?rest_route=\/wp\/v2\/pages"}],"about":[{"href":"https:\/\/www.dojo-gilg.com\/index.php?rest_route=\/wp\/v2\/types\/page"}],"author":[{"embeddable":true,"href":"https:\/\/www.dojo-gilg.com\/index.php?rest_route=\/wp\/v2\/users\/1"}],"replies":[{"embeddable":true,"href":"https:\/\/www.dojo-gilg.com\/index.php?rest_route=%2Fwp%2Fv2%2Fcomments&post=183"}],"version-history":[{"count":11,"href":"https:\/\/www.dojo-gilg.com\/index.php?rest_route=\/wp\/v2\/pages\/183\/revisions"}],"predecessor-version":[{"id":1317,"href":"https:\/\/www.dojo-gilg.com\/index.php?rest_route=\/wp\/v2\/pages\/183\/revisions\/1317"}],"wp:attachment":[{"href":"https:\/\/www.dojo-gilg.com\/index.php?rest_route=%2Fwp%2Fv2%2Fmedia&parent=183"}],"curies":[{"name":"wp","href":"https:\/\/api.w.org\/{rel}","templated":true}]}}