{"id":187,"date":"2015-01-14T20:26:29","date_gmt":"2015-01-14T19:26:29","guid":{"rendered":"http:\/\/sarahj.fr\/test2\/?page_id=187"},"modified":"2020-07-31T07:27:17","modified_gmt":"2020-07-31T07:27:17","slug":"philippe-krieg","status":"publish","type":"page","link":"https:\/\/www.dojo-gilg.com\/?page_id=187","title":{"rendered":"Philippe Krieg"},"content":{"rendered":"<p class=\"p1\"><b><i><a href=\"https:\/\/www.dojo-gilg.com\/wp-content\/uploads\/2015\/01\/Capture-d\u2019\u00e9cran-2015-01-30-\u00e0-19.01.27.png\"><img decoding=\"async\" class=\"wp-image-257 size-full alignleft\" src=\"https:\/\/www.dojo-gilg.com\/wp-content\/uploads\/2015\/01\/Capture-d\u2019\u00e9cran-2015-01-30-\u00e0-19.01.27.png\" alt=\"Capture d\u2019\u00e9cran 2015-01-30 \u00e0 19.01.27\" width=\"199\" height=\"251\"><\/a><\/i><\/b><\/p>\n<p class=\"p2\">Je suis arriv\u00e9 au Tai Ji Quan et au Qi Gong au d\u00e9but de ce mill\u00e9naire, dans le cadre du Groupe Sant\u00e9 de Colmar, \u00e0 un moment o\u00f9 j\u2019avais besoin de trouver comment pr\u00e9server mon \u00e9quilibre et ma sant\u00e9 tout en honorant mes engagements de tous ordres.<\/p>\n<p class=\"p2\">J\u2019ai pu ensuite b\u00e9n\u00e9ficier de l\u2019enseignement dispens\u00e9 par <a href=\"https:\/\/www.google.com\/url?sa=t&amp;rct=j&amp;q=&amp;esrc=s&amp;source=web&amp;cd=11&amp;cad=rja&amp;uact=8&amp;ved=2ahUKEwjtwquHkLTjAhWoDWMBHRjdC0EQFjAKegQIBhAC&amp;url=https%3A%2F%2Ftaiji-song.com%2F&amp;usg=AOvVaw0F9-VOmy9Sx3UruHKGEAg8\">Song Arun<\/a> au sein de l&rsquo;association <a href=\"https:\/\/association-arts-harmonie.org\/topic\/index.html\"><span class=\"s2\">Arts Harmonie <\/span><\/a>\u00e0 Colmar.<\/p>\n<p class=\"p2\">L\u2019envie de partager ces disciplines qui me faisaient du bien est n\u00e9e sur mon lieu de travail, o\u00f9 j\u2019ai commenc\u00e9 \u00e0 animer un atelier hebdomadaire pendant une pause de midi.<\/p>\n<p class=\"p2\">Song Arun, fort de ce qui lui avait \u00e9t\u00e9 transmis dans diff\u00e9rentes disciplines par son ma\u00eetre en Tha\u00eflande, m\u2019a aid\u00e9 \u00e0 me former, comme d\u2019autres de ses \u00e9l\u00e8ves, pour passer des dipl\u00f4mes homologu\u00e9s par le Minist\u00e8re de la Jeunesse et des Sports. Je dois aussi \u00e0 Song le lien particulier que j\u2019ai d\u00e9velopp\u00e9 avec une arme, le b\u00e2ton, et avec des pratiques \u00e0 deux, comme le Tui Shou.<\/p>\n<p class=\"p2\">Les stages et examens organis\u00e9s par la F\u00e9d\u00e9ration Fran\u00e7aise de Wushu, appel\u00e9e aujourd\u2019hui <a href=\"https:\/\/www.faemc.fr\/\">F\u00e9d\u00e9ration des Arts Energ\u00e9tiques et Martiaux Chinois<\/a>, m\u2019ont encourag\u00e9 \u00e0 continuer d\u2019explorer des pratiques, des connaissances et une forme de sagesse issues de l\u2019accumulation plurimill\u00e9naire d\u2019explorations diverses dans la civilisation chinoise.<\/p>\n<p class=\"p2\">Ma formation continue. Elle doit beaucoup \u00e9galement \u00e0 <a href=\"https:\/\/www.medecine-chinoise-lyon.fr\/accueil-1.html\">Olivier Schuh<\/a>, professeur lyonnais aussi exp\u00e9riment\u00e9 que p\u00e9dagogue, dont l\u2019enseignement se nourrit tant de ce que lui ont transmis ses ma\u00eetres chinois et occidentaux que de son exercice de la M\u00e9decine Traditionnelle Chinoise.<\/p>\n<p class=\"p2\">Je transmets actuellement ces disciplines dans le cadre de l\u2019association l\u2019Ep\u00e9e Comme un Pinceau \u00e0 Mittelbergheim et S\u00e9lestat, et occasionnellement pour d\u2019autres groupes.<\/p>\n","protected":false},"excerpt":{"rendered":"<p>Je suis arriv\u00e9 au Tai Ji Quan et au Qi Gong au d\u00e9but de ce mill\u00e9naire, dans le cadre du Groupe Sant\u00e9 de Colmar, \u00e0 un moment o\u00f9 j\u2019avais besoin de trouver comment pr\u00e9server mon \u00e9quilibre et ma sant\u00e9 tout &hellip; <a href=\"https:\/\/www.dojo-gilg.com\/?page_id=187\">Lire la suite\u00ad\u00ad<\/a><\/p>\n","protected":false},"author":1,"featured_media":0,"parent":0,"menu_order":0,"comment_status":"closed","ping_status":"open","template":"","meta":{"jetpack_post_was_ever_published":false,"footnotes":""},"class_list":["post-187","page","type-page","status-publish","hentry"],"jetpack_sharing_enabled":true,"jetpack_shortlink":"https:\/\/wp.me\/P5G1Fx-31","_links":{"self":[{"href":"https:\/\/www.dojo-gilg.com\/index.php?rest_route=\/wp\/v2\/pages\/187","targetHints":{"allow":["GET"]}}],"collection":[{"href":"https:\/\/www.dojo-gilg.com\/index.php?rest_route=\/wp\/v2\/pages"}],"about":[{"href":"https:\/\/www.dojo-gilg.com\/index.php?rest_route=\/wp\/v2\/types\/page"}],"author":[{"embeddable":true,"href":"https:\/\/www.dojo-gilg.com\/index.php?rest_route=\/wp\/v2\/users\/1"}],"replies":[{"embeddable":true,"href":"https:\/\/www.dojo-gilg.com\/index.php?rest_route=%2Fwp%2Fv2%2Fcomments&post=187"}],"version-history":[{"count":12,"href":"https:\/\/www.dojo-gilg.com\/index.php?rest_route=\/wp\/v2\/pages\/187\/revisions"}],"predecessor-version":[{"id":6414,"href":"https:\/\/www.dojo-gilg.com\/index.php?rest_route=\/wp\/v2\/pages\/187\/revisions\/6414"}],"wp:attachment":[{"href":"https:\/\/www.dojo-gilg.com\/index.php?rest_route=%2Fwp%2Fv2%2Fmedia&parent=187"}],"curies":[{"name":"wp","href":"https:\/\/api.w.org\/{rel}","templated":true}]}}