{"id":541,"date":"2017-08-23T16:14:28","date_gmt":"2017-08-23T16:14:28","guid":{"rendered":"http:\/\/www.dojo-gilg.com\/?page_id=541"},"modified":"2019-07-14T09:16:02","modified_gmt":"2019-07-14T09:16:02","slug":"virginie-aubert","status":"publish","type":"page","link":"https:\/\/www.dojo-gilg.com\/?page_id=541","title":{"rendered":"Virginie Aubert"},"content":{"rendered":"<p><a href=\"https:\/\/www.dojo-gilg.com\/wp-content\/uploads\/2017\/08\/WP_20170711_17_41_15_Selfie2-e1503504194244.jpg\"><img fetchpriority=\"high\" decoding=\"async\" class=\"wp-image-874 alignleft\" src=\"https:\/\/www.dojo-gilg.com\/wp-content\/uploads\/2017\/08\/WP_20170711_17_41_15_Selfie2-e1503504194244-576x1024.jpg\" alt=\"\" width=\"290\" height=\"516\" srcset=\"https:\/\/www.dojo-gilg.com\/wp-content\/uploads\/2017\/08\/WP_20170711_17_41_15_Selfie2-e1503504194244-576x1024.jpg 576w, https:\/\/www.dojo-gilg.com\/wp-content\/uploads\/2017\/08\/WP_20170711_17_41_15_Selfie2-e1503504194244-169x300.jpg 169w, https:\/\/www.dojo-gilg.com\/wp-content\/uploads\/2017\/08\/WP_20170711_17_41_15_Selfie2-e1503504194244-768x1365.jpg 768w, https:\/\/www.dojo-gilg.com\/wp-content\/uploads\/2017\/08\/WP_20170711_17_41_15_Selfie2-e1503504194244-600x1066.jpg 600w, https:\/\/www.dojo-gilg.com\/wp-content\/uploads\/2017\/08\/WP_20170711_17_41_15_Selfie2-e1503504194244.jpg 1456w\" sizes=\"(max-width: 290px) 100vw, 290px\" \/><\/a><\/p>\n<p>J\u2019ai commenc\u00e9 \u00e0 d\u00e9couvrir le travail(Gong) de l\u2019\u00e9nergie (Qi) lorsque j\u2019\u00e9tais enfant avec mon grand p\u00e8re, homme passionn\u00e9 par la m\u00e9decine traditionnelle chinoise. Avec lui, j\u2019ai pu d\u00e9couvrir les principes de la pens\u00e9e orientale, les premiers points d\u2019acupuncture et quelques mouvements.<\/p>\n<p>Je me souviens de la joie que nous ressentions, lui et moi, \u00e0 force de constater \u00e0 quel point ce que nous observions dans le jardin et dans la nature, s\u2019inscrivaient dans la pens\u00e9e traditionnelle chinoise.<\/p>\n<p>Son savoir et sa p\u00e9dagogie ont g\u00e9n\u00e9r\u00e9 en moi une envie insatiable d\u2019apprendre et de transmettre.<\/p>\n<p>Durant plusieurs ann\u00e9es, Jarka CIESELSKI, \u00e9l\u00e8ve de Peter MOY, d\u2019Astride CHRISTEN et du Docteur Liu DONG, m\u2019a insuffl\u00e9 avec respect, attention et douceur, l\u2019amour et la passion de la pratique. C\u2019est avec elle, que j\u2019ai pu comprendre qu\u2019il est n\u00e9cessaire de cultiver tous les jours le jardin de ses connaissances pour un jour parvenir \u00e0 r\u00e9colter ses fruits.<\/p>\n<p>En 2015, j\u2019ai eu le bonheur de rencontrer, \u00e0 proximit\u00e9 de chez moi, deux enseignants de Qi Gong et de Tai Chi qui ont, eux aussi, contribu\u00e9 \u00e0 affiner ma pratique : Sophie GILG et Philippe KRIEG. Leur approche bienveillante, leur pr\u00e9venance et leur ouverture d\u2019esprit m\u2019ont permis d\u2019oser et d\u2019 \u00ab exp\u00e9rimenter \u00bb.<\/p>\n<p>Apr\u00e8s l\u2019obtention d\u2019un dipl\u00f4me f\u00e9d\u00e9ral reconnu par le Minist\u00e8re de la Jeunesse et des Sports en juin 2017, je suis ravie de partager avec vous ce qui m\u2019a \u00e9t\u00e9 transmis.<\/p>\n<p>Merci \u00e0 vous, qui, juste pour aujourd\u2019hui, me permettez de rendre ce qui m\u2019a \u00e9t\u00e9 donn\u00e9\u2026<\/p>\n","protected":false},"excerpt":{"rendered":"<p>J\u2019ai commenc\u00e9 \u00e0 d\u00e9couvrir le travail(Gong) de l\u2019\u00e9nergie (Qi) lorsque j\u2019\u00e9tais enfant avec mon grand p\u00e8re, homme passionn\u00e9 par la m\u00e9decine traditionnelle chinoise. Avec lui, j\u2019ai pu d\u00e9couvrir les principes de la pens\u00e9e orientale, les premiers points d\u2019acupuncture et quelques &hellip; <a href=\"https:\/\/www.dojo-gilg.com\/?page_id=541\">Lire la suite\u00ad\u00ad<\/a><\/p>\n","protected":false},"author":1,"featured_media":0,"parent":0,"menu_order":0,"comment_status":"closed","ping_status":"closed","template":"","meta":{"jetpack_post_was_ever_published":false,"footnotes":""},"class_list":["post-541","page","type-page","status-publish","hentry"],"jetpack_sharing_enabled":true,"jetpack_shortlink":"https:\/\/wp.me\/P5G1Fx-8J","_links":{"self":[{"href":"https:\/\/www.dojo-gilg.com\/index.php?rest_route=\/wp\/v2\/pages\/541","targetHints":{"allow":["GET"]}}],"collection":[{"href":"https:\/\/www.dojo-gilg.com\/index.php?rest_route=\/wp\/v2\/pages"}],"about":[{"href":"https:\/\/www.dojo-gilg.com\/index.php?rest_route=\/wp\/v2\/types\/page"}],"author":[{"embeddable":true,"href":"https:\/\/www.dojo-gilg.com\/index.php?rest_route=\/wp\/v2\/users\/1"}],"replies":[{"embeddable":true,"href":"https:\/\/www.dojo-gilg.com\/index.php?rest_route=%2Fwp%2Fv2%2Fcomments&post=541"}],"version-history":[{"count":14,"href":"https:\/\/www.dojo-gilg.com\/index.php?rest_route=\/wp\/v2\/pages\/541\/revisions"}],"predecessor-version":[{"id":1334,"href":"https:\/\/www.dojo-gilg.com\/index.php?rest_route=\/wp\/v2\/pages\/541\/revisions\/1334"}],"wp:attachment":[{"href":"https:\/\/www.dojo-gilg.com\/index.php?rest_route=%2Fwp%2Fv2%2Fmedia&parent=541"}],"curies":[{"name":"wp","href":"https:\/\/api.w.org\/{rel}","templated":true}]}}