{"id":6387,"date":"2024-09-02T11:28:53","date_gmt":"2024-09-02T11:28:53","guid":{"rendered":"https:\/\/www.dojo-gilg.com\/?page_id=6387"},"modified":"2024-09-02T20:52:25","modified_gmt":"2024-09-02T20:52:25","slug":"patrick-ottenwelter","status":"publish","type":"page","link":"https:\/\/www.dojo-gilg.com\/?page_id=6387","title":{"rendered":"Patrick Ottenwelter"},"content":{"rendered":"\t\t<div data-elementor-type=\"wp-page\" data-elementor-id=\"6387\" class=\"elementor elementor-6387\">\n\t\t\t\t\t\t<section class=\"elementor-section elementor-top-section elementor-element elementor-element-6538af0 elementor-section-boxed elementor-section-height-default elementor-section-height-default\" data-id=\"6538af0\" data-element_type=\"section\">\n\t\t\t\t\t\t<div class=\"elementor-container elementor-column-gap-default\">\n\t\t\t\t\t<div class=\"elementor-column elementor-col-100 elementor-top-column elementor-element elementor-element-c8cc859\" data-id=\"c8cc859\" data-element_type=\"column\">\n\t\t\t<div class=\"elementor-widget-wrap elementor-element-populated\">\n\t\t\t\t\t\t<div class=\"elementor-element elementor-element-bc424aa elementor-widget elementor-widget-text-editor\" data-id=\"bc424aa\" data-element_type=\"widget\" data-widget_type=\"text-editor.default\">\n\t\t\t\t<div class=\"elementor-widget-container\">\n\t\t\t\t\t\t\t\t\t<p class=\"p1\"><b><i><a href=\"https:\/\/www.dojo-gilg.com\/wp-content\/uploads\/2024\/09\/Capture-decran-2024-09-02-a-13.06.37-1.png\"><img decoding=\"async\" class=\"wp-image-257 size-full alignleft\" src=\"https:\/\/www.dojo-gilg.com\/wp-content\/uploads\/2024\/09\/Capture-decran-2024-09-02-a-13.06.37-1.png\" alt=\"Capture-decran-2024-09-02-a-13.06.37-1\" width=\"199\" height=\"251\" \/><\/a><\/i><\/b><\/p><p class=\"p2\"><strong>P<\/strong>ratiquant d\u2019arts martiaux externes depuis plus de 25 ans, karat\u00e9, a\u00efkido, j\u2019\u00e9tais \u00e0 la recherche d\u2019approfondissements dans ces pratiques.<\/p><p class=\"p2\">La rencontre avec Sophie Gilg et Philippe Krieg dans la pratique du Tai Chi Quan m\u2019a tout de suite interpell\u00e9, elle correspondait \u00e0 mes recherches sur les \u00e9nergies dans les pratiques martiales.<\/p><p>Cet art martial interne, ce travail sur l\u2019\u00e9quilibre, les d\u00e9placements, les ressentis, la pr\u00e9cision des gestes am\u00e9liore aussi la souplesse et la concentration.<\/p><p>L\u2019envie de partager est devenue aujourd\u2019hui un moteur pour approfondir ces pratiques, en autre le Tui Shou qui est un travail \u00e0 deux, et surtout l\u2019envie de continuer \u00e0 apprendre et \u00e0 \u00e9voluer.<\/p>\t\t\t\t\t\t\t\t<\/div>\n\t\t\t\t<\/div>\n\t\t\t\t\t<\/div>\n\t\t<\/div>\n\t\t\t\t\t<\/div>\n\t\t<\/section>\n\t\t\t\t<\/div>\n\t\t","protected":false},"excerpt":{"rendered":"<p>Pratiquant d\u2019arts martiaux externes depuis plus de 25 ans, karat\u00e9, a\u00efkido, j\u2019\u00e9tais \u00e0 la recherche d\u2019approfondissements dans ces pratiques. La rencontre avec Sophie Gilg et Philippe Krieg dans la pratique du Tai Chi Quan m\u2019a tout de suite interpell\u00e9, elle &hellip; <a href=\"https:\/\/www.dojo-gilg.com\/?page_id=6387\">Lire la suite\u00ad\u00ad<\/a><\/p>\n","protected":false},"author":1,"featured_media":0,"parent":0,"menu_order":0,"comment_status":"closed","ping_status":"closed","template":"","meta":{"jetpack_post_was_ever_published":false,"footnotes":""},"class_list":["post-6387","page","type-page","status-publish","hentry"],"jetpack_sharing_enabled":true,"jetpack_shortlink":"https:\/\/wp.me\/P5G1Fx-1F1","_links":{"self":[{"href":"https:\/\/www.dojo-gilg.com\/index.php?rest_route=\/wp\/v2\/pages\/6387","targetHints":{"allow":["GET"]}}],"collection":[{"href":"https:\/\/www.dojo-gilg.com\/index.php?rest_route=\/wp\/v2\/pages"}],"about":[{"href":"https:\/\/www.dojo-gilg.com\/index.php?rest_route=\/wp\/v2\/types\/page"}],"author":[{"embeddable":true,"href":"https:\/\/www.dojo-gilg.com\/index.php?rest_route=\/wp\/v2\/users\/1"}],"replies":[{"embeddable":true,"href":"https:\/\/www.dojo-gilg.com\/index.php?rest_route=%2Fwp%2Fv2%2Fcomments&post=6387"}],"version-history":[{"count":20,"href":"https:\/\/www.dojo-gilg.com\/index.php?rest_route=\/wp\/v2\/pages\/6387\/revisions"}],"predecessor-version":[{"id":6425,"href":"https:\/\/www.dojo-gilg.com\/index.php?rest_route=\/wp\/v2\/pages\/6387\/revisions\/6425"}],"wp:attachment":[{"href":"https:\/\/www.dojo-gilg.com\/index.php?rest_route=%2Fwp%2Fv2%2Fmedia&parent=6387"}],"curies":[{"name":"wp","href":"https:\/\/api.w.org\/{rel}","templated":true}]}}