{"id":7,"date":"2014-09-25T15:04:42","date_gmt":"2014-09-25T14:04:42","guid":{"rendered":"http:\/\/sarahj.fr\/test2\/?page_id=7"},"modified":"2025-10-29T19:23:57","modified_gmt":"2025-10-29T19:23:57","slug":"qui-sommes-nous","status":"publish","type":"page","link":"https:\/\/www.dojo-gilg.com\/?page_id=7","title":{"rendered":"Qui sommes-nous ?"},"content":{"rendered":"<p style=\"text-align: center;\"><span style=\"color: #000000;\"><span style=\"font-family: Arial, serif;\"><span style=\"font-size: medium;\"><span style=\"font-size: large;\">L\u2019Association <\/span><span style=\"font-size: large;\"><i><b>\u00ab L\u2019\u00e9p\u00e9e comme un pinceau\u00bb\u00a0<\/b><\/i>Tai Ji Quan\u00a0Mittelbergheim<\/span><i><b><\/b><\/i><\/span><\/span><\/span><\/p>\n<div class=\"space_20 clearfix\"><\/div>\n<p><span style=\"color: #000000;\"><span style=\"font-family: Arial, serif;\"><span style=\"font-size: medium;\">L\u2019association, ses enseignants <a href=\"http:\/\/dojo-gilg.com\/?page_id=183\">Sophie Gilg,\u00a0<\/a> <a href=\"http:\/\/www.dojo-gilg.com\/?page_id=187\">Philippe Krieg,\u00a0<\/a> <a href=\"https:\/\/www.dojo-gilg.com\/?page_id=541\">Virginie Aubert,\u00a0<\/a> <a href=\"https:\/\/www.dojo-gilg.com\/?page_id=1301\">St\u00e9phane Lanz,<\/a> <a href=\"https:\/\/www.dojo-gilg.com\/?page_id=6387\">Patrick Ottenwelter<\/a> et <a href=\"https:\/\/www.dojo-gilg.com\/?page_id=9311\">Sylvie Clad\u00e9<\/a>, ainsi que ses membres sont affili\u00e9s \u00e0 la <a href=\"http:\/\/www.ffwushu.fr\/\">F\u00e9d\u00e9ration des arts \u00e9nerg\u00e9tiques et martiaux chinois<\/a>.<\/span><\/span><\/span><\/p>\n<p align=\"JUSTIFY\"><span style=\"color: #000000;\"><span style=\"font-family: Arial, serif;\"><span style=\"font-size: medium;\">Cr\u00e9\u00e9e en 2010, l\u2019association a pour objet la promotion et l\u2019enseignement des techniques de bien-\u00eatre : tai ji quan, qi gong,&#8230;, et poursuit un but non lucratif.<\/span><\/span><\/span><\/p>\n<p align=\"JUSTIFY\"><span style=\"color: #000000;\"><span style=\"font-family: Arial, serif;\"><span style=\"font-size: medium;\">Inscrite au registre des associations du tribunal d\u2019instance de S\u00e9lestat, elle est r\u00e9gie par les articles 21 \u00e0 79-III du Code Civil Local maintenu en vigueur dans les d\u00e9partements du Bas-Rhin, Haut-Rhin et Moselle, ainsi que par ses statuts. <\/span><\/span><\/span><\/p>\n<p align=\"JUSTIFY\"><span style=\"color: #000000;\"><span style=\"font-family: Arial, serif;\"><span style=\"font-size: medium;\">Son si\u00e8ge est fix\u00e9 au 53, rue principale 67140 MITTELBERGHEIM, o\u00f9 se trouve \u00e9galement son espace principal de pratique nomm\u00e9 DOJO-GILG. <\/span><\/span><\/span><\/p>\n<p align=\"JUSTIFY\"><span style=\"color: #000000;\"><span style=\"font-family: Arial, serif;\"><span style=\"font-size: medium;\">Pour r\u00e9aliser son objet, l\u2019association utilise, selon les besoins, cours, conf\u00e9rences, expositions, formations et toutes autres actions visant \u00e0 renforcer son objet.<\/span><\/span><\/span><\/p>\n<p align=\"JUSTIFY\"><span style=\"color: #000000;\"><span style=\"font-family: Arial, serif;\"><span style=\"font-size: medium;\">Peut devenir membre toute personne physique qui est int\u00e9ress\u00e9e par l\u2019objet de l\u2019association et qui prend l\u2019engagement de respecter <a href=\"http:\/\/www.dojo-gilg.com\/?page_id=190\">ses statuts<\/a>.<\/span><\/span><\/span><\/p>\n<p align=\"JUSTIFY\"><a href=\"http:\/\/www.dojo-gilg.com\/wp-content\/uploads\/2014\/09\/DSCF11341.jpg\"><img fetchpriority=\"high\" decoding=\"async\" class=\"aligncenter wp-image-241 size-large\" src=\"http:\/\/www.dojo-gilg.com\/wp-content\/uploads\/2014\/09\/DSCF11341-1024x768.jpg\" alt=\"DSCF1134\" width=\"940\" height=\"705\" srcset=\"https:\/\/www.dojo-gilg.com\/wp-content\/uploads\/2014\/09\/DSCF11341-1024x768.jpg 1024w, https:\/\/www.dojo-gilg.com\/wp-content\/uploads\/2014\/09\/DSCF11341-300x225.jpg 300w, https:\/\/www.dojo-gilg.com\/wp-content\/uploads\/2014\/09\/DSCF11341-600x450.jpg 600w\" sizes=\"(max-width: 940px) 100vw, 940px\" \/><\/a><\/p>\n","protected":false},"excerpt":{"rendered":"<p>L\u2019Association \u00ab L\u2019\u00e9p\u00e9e comme un pinceau\u00bb\u00a0Tai Ji Quan\u00a0Mittelbergheim L\u2019association, ses enseignants Sophie Gilg,\u00a0 Philippe Krieg,\u00a0 Virginie Aubert,\u00a0 St\u00e9phane Lanz, Patrick Ottenwelter et Sylvie Clad\u00e9, ainsi que ses membres sont affili\u00e9s \u00e0 la F\u00e9d\u00e9ration des arts \u00e9nerg\u00e9tiques et martiaux chinois. Cr\u00e9\u00e9e &hellip; <a href=\"https:\/\/www.dojo-gilg.com\/?page_id=7\">Lire la suite\u00ad\u00ad<\/a><\/p>\n","protected":false},"author":1,"featured_media":0,"parent":0,"menu_order":0,"comment_status":"closed","ping_status":"open","template":"","meta":{"jetpack_post_was_ever_published":false,"footnotes":""},"class_list":["post-7","page","type-page","status-publish","hentry"],"jetpack_sharing_enabled":true,"jetpack_shortlink":"https:\/\/wp.me\/P5G1Fx-7","_links":{"self":[{"href":"https:\/\/www.dojo-gilg.com\/index.php?rest_route=\/wp\/v2\/pages\/7","targetHints":{"allow":["GET"]}}],"collection":[{"href":"https:\/\/www.dojo-gilg.com\/index.php?rest_route=\/wp\/v2\/pages"}],"about":[{"href":"https:\/\/www.dojo-gilg.com\/index.php?rest_route=\/wp\/v2\/types\/page"}],"author":[{"embeddable":true,"href":"https:\/\/www.dojo-gilg.com\/index.php?rest_route=\/wp\/v2\/users\/1"}],"replies":[{"embeddable":true,"href":"https:\/\/www.dojo-gilg.com\/index.php?rest_route=%2Fwp%2Fv2%2Fcomments&post=7"}],"version-history":[{"count":23,"href":"https:\/\/www.dojo-gilg.com\/index.php?rest_route=\/wp\/v2\/pages\/7\/revisions"}],"predecessor-version":[{"id":9341,"href":"https:\/\/www.dojo-gilg.com\/index.php?rest_route=\/wp\/v2\/pages\/7\/revisions\/9341"}],"wp:attachment":[{"href":"https:\/\/www.dojo-gilg.com\/index.php?rest_route=%2Fwp%2Fv2%2Fmedia&parent=7"}],"curies":[{"name":"wp","href":"https:\/\/api.w.org\/{rel}","templated":true}]}}