{"id":85,"date":"2014-10-27T17:24:14","date_gmt":"2014-10-27T16:24:14","guid":{"rendered":"http:\/\/sarahj.fr\/test2\/?page_id=85"},"modified":"2023-04-03T21:02:20","modified_gmt":"2023-04-03T21:02:20","slug":"tai-ji-quan","status":"publish","type":"page","link":"https:\/\/www.dojo-gilg.com\/?page_id=85","title":{"rendered":"Tai Ji Quan"},"content":{"rendered":"<p class=\"p2\"><i><a href=\"http:\/\/www.dojo-gilg.com\/wp-content\/uploads\/2014\/10\/bandeau1.jpg\"><img fetchpriority=\"high\" decoding=\"async\" class=\"aligncenter wp-image-239 size-full\" src=\"http:\/\/www.dojo-gilg.com\/wp-content\/uploads\/2014\/10\/bandeau1.jpg\" alt=\"_bandeau\" width=\"1000\" height=\"100\" srcset=\"https:\/\/www.dojo-gilg.com\/wp-content\/uploads\/2014\/10\/bandeau1.jpg 1000w, https:\/\/www.dojo-gilg.com\/wp-content\/uploads\/2014\/10\/bandeau1-300x30.jpg 300w, https:\/\/www.dojo-gilg.com\/wp-content\/uploads\/2014\/10\/bandeau1-600x60.jpg 600w\" sizes=\"(max-width: 1000px) 100vw, 1000px\" \/><\/a><\/i><\/p>\n<p class=\"p2\">Le <b>Taiji Quan <\/b>(prononc\u00e9 \u00ab tai chi chuan \u00bb) est un Art Martial Chinois Interne dont la codification date d\u2019environ 600 ans. Il reprend les principes fondamentaux du Qi Gong, mais en diff\u00e8re par l\u2019<b>encha\u00eenement continu de mouvements <\/b>qui simulent des gestes de d\u00e9fense accomplis sans \u00e0-coups, dans la lenteur et la fluidit\u00e9.<\/p>\n<p class=\"p2\">Cette pratique g\u00e9n\u00e9rale de sant\u00e9 d\u00e9veloppe aussi le sens de l\u2019\u00e9quilibre, la m\u00e9moire, la t\u00e9nacit\u00e9 et la confiance en soi.<\/p>\n<p class=\"p2\">Telle que nous la pratiquons, elle convient sans limite d\u2019\u00e2ge \u00e0 toute personne qui supporte d\u2019\u00eatre debout<span class=\"s3\">.<\/span><\/p>\n","protected":false},"excerpt":{"rendered":"<p>Le Taiji Quan (prononc\u00e9 \u00ab tai chi chuan \u00bb) est un Art Martial Chinois Interne dont la codification date d\u2019environ 600 ans. Il reprend les principes fondamentaux du Qi Gong, mais en diff\u00e8re par l\u2019encha\u00eenement continu de mouvements qui simulent &hellip; <a href=\"https:\/\/www.dojo-gilg.com\/?page_id=85\">Lire la suite\u00ad\u00ad<\/a><\/p>\n","protected":false},"author":1,"featured_media":0,"parent":0,"menu_order":0,"comment_status":"closed","ping_status":"open","template":"","meta":{"jetpack_post_was_ever_published":false,"footnotes":""},"class_list":["post-85","page","type-page","status-publish","hentry"],"jetpack_sharing_enabled":true,"jetpack_shortlink":"https:\/\/wp.me\/P5G1Fx-1n","_links":{"self":[{"href":"https:\/\/www.dojo-gilg.com\/index.php?rest_route=\/wp\/v2\/pages\/85","targetHints":{"allow":["GET"]}}],"collection":[{"href":"https:\/\/www.dojo-gilg.com\/index.php?rest_route=\/wp\/v2\/pages"}],"about":[{"href":"https:\/\/www.dojo-gilg.com\/index.php?rest_route=\/wp\/v2\/types\/page"}],"author":[{"embeddable":true,"href":"https:\/\/www.dojo-gilg.com\/index.php?rest_route=\/wp\/v2\/users\/1"}],"replies":[{"embeddable":true,"href":"https:\/\/www.dojo-gilg.com\/index.php?rest_route=%2Fwp%2Fv2%2Fcomments&post=85"}],"version-history":[{"count":3,"href":"https:\/\/www.dojo-gilg.com\/index.php?rest_route=\/wp\/v2\/pages\/85\/revisions"}],"predecessor-version":[{"id":4123,"href":"https:\/\/www.dojo-gilg.com\/index.php?rest_route=\/wp\/v2\/pages\/85\/revisions\/4123"}],"wp:attachment":[{"href":"https:\/\/www.dojo-gilg.com\/index.php?rest_route=%2Fwp%2Fv2%2Fmedia&parent=85"}],"curies":[{"name":"wp","href":"https:\/\/api.w.org\/{rel}","templated":true}]}}